{"id":2782,"date":"2023-07-05T10:05:44","date_gmt":"2023-07-05T08:05:44","guid":{"rendered":"https:\/\/waterfolder.com\/polityka-prywatnosci\/"},"modified":"2025-09-23T15:36:43","modified_gmt":"2025-09-23T13:36:43","slug":"integritetspolicy","status":"publish","type":"page","link":"https:\/\/waterfolder.com\/sv\/integritetspolicy\/","title":{"rendered":"Integritetspolicy"},"content":{"rendered":"<h3 style=\"text-align: center;\"><\/h3>\n<h2><\/h2>\n<h3>I. Informationsklausul om behandling av personuppgifter<\/h3>\n<p>Enligt artikel 13 i Europaparlamentets och r\u00e5dets f\u00f6rordning (EU) 2016\/679 av den 27 april 2016 om skydd av fysiska personer med avseende p\u00e5 behandlingen av personuppgifter och om det fria fl\u00f6det av s\u00e5dana uppgifter samt upph\u00e4vandet av direktiv 95\/46\/EG (allm\u00e4n dataskyddsf\u00f6rordning), nedan kallad GDPR, informerar administrat\u00f6ren att:<\/p>\n<h3>1. Personuppgiftsansvarig<\/h3>\n<p>Den ansvarige f\u00f6r behandlingen av dina personuppgifter \u00e4r RETENCJAPL Sp. z o.o., adress ul. Morska Polska 163, 80-868 Gda\u0144sk.<\/p>\n<h3>2. Kontakta administrat\u00f6ren<\/h3>\n<p>Om du har n\u00e5gra fr\u00e5gor r\u00f6rande metoden och omfattningen av behandlingen av dina personuppgifter av RETENCJAPL Sp. z o.o., samt dina r\u00e4ttigheter, kan du kontakta oss via e-postadressen: <a href=\"mailto:hello@waterfolder.com\">hello@waterfolder.com<\/a><\/p>\n<h3>3. Syfte och r\u00e4ttslig grund f\u00f6r behandlingen<\/h3>\n<p>Personuppgifter behandlas i samband med genomf\u00f6randet av f\u00f6rs\u00e4ljnings-\/kommersiella processer f\u00f6r RETENCJAPL Sp. z o. o., enligt artikel 6 avsnitt 1 bokstav c i f\u00f6rordningen, baserat p\u00e5 till\u00e4mpliga r\u00e4ttsliga best\u00e4mmelser och ing\u00e5ngna avtal (artikel 6.1 b), samt p\u00e5 grundval av det samtycke som beviljats, i den utstr\u00e4ckning och syfte som anges i samtyckets inneh\u00e5ll (artikel 6.1 a).<\/p>\n<p>Personuppgifter kommer att samlas in i samband med anv\u00e4ndningen av Webbplatsen www.waterfolder.com (dvs. namn, efternamn, telefonnummer, e-postadress, f\u00f6retagsnamn, adress, skatteregistreringsnummer), f\u00f6r \u00e4ndam\u00e5let och i den utstr\u00e4ckning som beh\u00f6vs f\u00f6r att:<\/p>\n<ol>\n<li>samla in data och information om potentiella kunder,<\/li>\n<li>ber\u00e4kna och j\u00e4mf\u00f6ra parametrarna f\u00f6r enheter som erbjuds av tillverkare och f\u00f6rbereda ett erbjudande f\u00f6r utvalda enheter,<\/li>\n<li>fullg\u00f6ra avtalet om tillhandah\u00e5llande av elektroniska tj\u00e4nster,<\/li>\n<li>marknadsf\u00f6ra den personuppgiftsansvariges egna produkter, evenemang, utbildningar, konferenser, tj\u00e4nster och kommersiell information,<\/li>\n<li>skicka (personifierat) marknadsf\u00f6ringsmaterial i syfte att marknadsf\u00f6ra v\u00e5ra produkter och tj\u00e4nster eller f\u00f6r att kontakta dig i marknadsf\u00f6rings- eller kommersiella syften (t.ex. via e-post, telefon eller post), s\u00e5vida du har samtyckt till detta,<\/li>\n<li>svara p\u00e5 fr\u00e5gor som skickas via kontaktformul\u00e4r.<\/li>\n<\/ol>\n<h3>4. Datamottagare<\/h3>\n<p>Under behandlingen av ditt \u00e4rende kan dina personuppgifter komma att \u00f6verf\u00f6ras till andra enheter. Datamottagare kan inkludera enheter som \u00e4r beh\u00f6riga att ta emot personuppgifter enligt relevanta lagbest\u00e4mmelser, samt enheter som behandlar personuppgifter p\u00e5 uppdrag av administrat\u00f6ren, baserat p\u00e5 ett avtal om anf\u00f6rtroende av personuppgiftsbehandling. Mottagarna av dina personuppgifter kan vara:<\/p>\n<ol>\n<li>offentliga myndigheter och enheter som utf\u00f6r offentliga uppgifter eller agerar p\u00e5 uppdrag av offentliga myndigheter, i den utstr\u00e4ckning och f\u00f6r de \u00e4ndam\u00e5l som f\u00f6ljer av best\u00e4mmelserna i till\u00e4mplig lag,<\/li>\n<li>andra enheter som behandlar personuppgifter p\u00e5 grundval av l\u00e4mpliga avtal som tecknats med f\u00f6retaget.<\/li>\n<\/ol>\n<p>Dina personuppgifter kan ocks\u00e5 g\u00f6ras tillg\u00e4ngliga f\u00f6r Betrodda pPartner. Med &#8221;Betrodda Partner&#8221; avses \u00e4garna till verktyg som publicerats p\u00e5 WaterFolder-plattformen, exempelvis:<\/p>\n<ul>\n<li>Ecol-Unicon Sp. z o.o.<\/li>\n<li>Wavin Polska S.A.<\/li>\n<li>Hauraton Polska Sp. z o.o.<\/li>\n<li>Amiblu Poland Sp. z o.o.<\/li>\n<li>Uponor Sp. z o.o.<\/li>\n<li>POliner Sp. z o.o.<\/li>\n<li>ESMIL GROUP \/ PRODEKO-E\u0141K<\/li>\n<li>Terlan Sp. z o.o.<\/li>\n<li>ACO Sp. z o.o.<\/li>\n<li>Sulzer Pumps Wastewater Poland Sp. z o.o.<\/li>\n<li>Orbia Building &amp; Infrastructure (Wavin)<\/li>\n<li>HAURATON Magyarorsz\u00e1g Kft.<\/li>\n<\/ul>\n<p>Betrodda partner hj\u00e4lper &#8221;RETENCJAPL&#8221; att tillhandah\u00e5lla tj\u00e4nster och utveckla funktionaliteten p\u00e5 Designplattformen som kallas &#8221;WaterFolder&#8221;. Dessa Betrodda Partner f\u00f6rses med information som tillhandah\u00e5lls av Anv\u00e4ndarna av Designplattformen &#8221;WaterFolder&#8221;, vilket \u00e4r n\u00f6dv\u00e4ndigt f\u00f6r att de ska kunna st\u00f6dja RETENCJAPL i dess verksamhet. Detta inkluderar namn, efternamn, telefonnummer, e-postadress, f\u00f6retagsnamn, adress och NIP, samt information om anv\u00e4ndarens best\u00e4llningar. Dessa enheter, som formellt kallas &#8221;Bearbetningsenheter&#8221;, kan ha potentiell eller faktisk tillg\u00e5ng till begr\u00e4nsad information om Anv\u00e4ndarna och behandlar denna information p\u00e5 uppdrag av &#8221;RetencjaPL&#8221;:<\/p>\n<ul>\n<li>Kundtj\u00e4nstpartners som tillhandah\u00e5ller programvara och ett biljetthanteringssystem f\u00f6r &#8221;RetencjaPL&#8221;, vilket m\u00f6jligg\u00f6r hantering av Anv\u00e4ndarf\u00f6rfr\u00e5gningar.<\/li>\n<li>Enheter som arbetar med bedr\u00e4gerif\u00f6rebyggande: d\u00e4r administrat\u00f6ren kan dela information som \u00e4r n\u00f6dv\u00e4ndig f\u00f6r att uppt\u00e4cka, unders\u00f6ka och f\u00f6rhindra bedr\u00e4gerier;<\/li>\n<li>externa tj\u00e4nsteleverant\u00f6rer som tillhandah\u00e5ller dataanalysverktyg till Administrat\u00f6ren;<\/li>\n<li>externa tj\u00e4nsteleverant\u00f6rer som f\u00f6rser Administrat\u00f6ren med verktyg f\u00f6r att sp\u00e5ra och rapportera fel i systemet;<\/li>\n<li>tredjepartsleverant\u00f6rer av n\u00e4tverkstj\u00e4nster som optimerar leveransen av inneh\u00e5ll du beg\u00e4r (vi delar endast IP-adressen och identifieringen av den Anv\u00e4ndare du vill komma \u00e5t);<\/li>\n<li>datalagringspartner: vi kan lagra en del av dina data med hj\u00e4lp av externa datalagringstj\u00e4nster, t.ex. vi kan anv\u00e4nda Googles tj\u00e4nster f\u00f6r att genomf\u00f6ra unders\u00f6kningar;<\/li>\n<li>professionella r\u00e5dgivare som st\u00f6djer &#8221;RetencjaPL&#8221; i juridiska, skatte-, redovisnings- och revisionsfr\u00e5gor;<\/li>\n<\/ul>\n<h3>5. Information om \u00f6verf\u00f6ring av uppgifter till tredjel\u00e4nder<\/h3>\n<p>Personuppgifter kommer inte att \u00f6verf\u00f6ras till tredjel\u00e4nder.<\/p>\n<h3>6. Bearbetningsperiod<\/h3>\n<p>Dina uppgifter kommer att behandlas under den period som kr\u00e4vs f\u00f6r att uppn\u00e5 de syften som anges i punkten. 3, och i den utstr\u00e4ckning som kr\u00e4vs enligt lag eller f\u00f6r att s\u00e4kerst\u00e4lla eventuella anspr\u00e5k.<\/p>\n<h3>7. R\u00e4ttigheter f\u00f6r personer vars uppgifter behandlas<\/h3>\n<p>Du har r\u00e4tt, n\u00e4r det g\u00e4ller dina personuppgifter, att:<\/p>\n<ul>\n<li>tillg\u00e5ng till personuppgifter,<\/li>\n<li>r\u00e4tta personuppgifter, t.ex. n\u00e4r de \u00e4r inaktuella eller osanna,<\/li>\n<li>ha r\u00e4tten till radering,<\/li>\n<li>r\u00e4tten att begr\u00e4nsa behandlingen,<\/li>\n<li>r\u00e4tten att \u00f6verf\u00f6ra uppgifter,<\/li>\n<li>databehandling sker p\u00e5 grundval av ett avtal som ing\u00e5tts med den registrerade eller p\u00e5 grundval av samtycke fr\u00e5n denna person,<\/li>\n<li>behandlingen sker p\u00e5 ett automatiserat s\u00e4tt,<\/li>\n<li>r\u00e4tten att inv\u00e4nda mot behandling,<\/li>\n<li>om du blir medveten om olaglig behandling av dina personuppgifter har du r\u00e4tt att l\u00e4mna in ett klagom\u00e5l till tillsynsmyndigheten, som \u00e4r ordf\u00f6randen f\u00f6r Datainspektionen med s\u00e4te i Warszawa,<\/li>\n<li>i en situation d\u00e4r behandlingen av personuppgifter baseras p\u00e5 samtycke fr\u00e5n den registrerade, \u00e4r ditt tillhandah\u00e5llande av personuppgifter till administrat\u00f6ren frivilligt. Du har r\u00e4tt att n\u00e4r som helst \u00e5terkalla ditt samtycke. All databehandling som utf\u00f6rs f\u00f6re \u00e5terkallelse f\u00f6rblir laglig, utan att det p\u00e5verkar lagligheten av behandling som utf\u00f6rs p\u00e5 grundval av samtycke innan dess \u00e5terkallelse.<\/li>\n<\/ul>\n<h3>II. Cookies<\/h3>\n<p>RetencjaPL Sp. z o.o. anv\u00e4nder cookies, det vill s\u00e4ga sm\u00e5 textfiler som lagras p\u00e5 Anv\u00e4ndarens enhet (t.ex. dator, surfplatta, smartphone). Cookies kan l\u00e4sas av Operat\u00f6rens samt andra enheters IT-system.<\/p>\n<p>RetencjaPL Sp. z o.o. lagrar cookies p\u00e5 Anv\u00e4ndarens enhet och f\u00e5r sedan tillg\u00e5ng till informationen som finns d\u00e4ri f\u00f6r statistiska och marknadsf\u00f6rings\u00e4ndam\u00e5l samt f\u00f6r att s\u00e4kerst\u00e4lla att Webbplatsen fungerar korrekt. Detta inkluderar bland annat att uppr\u00e4tth\u00e5lla sessionen efter att Anv\u00e4ndaren har loggat in och att identifiera Anv\u00e4ndaren under n\u00e4sta session.<\/p>\n<p>RetencjaPL Sp. z o.o. anv\u00e4nder externa cookies f\u00f6r att:<\/p>\n<ul>\n<li>samla in allm\u00e4n och anonym statistik via analysverktyget Microsoft Clarity (extern cookie-administrat\u00f6r: Microsoft Co., baserad i USA);<\/li>\n<li>samla in allm\u00e4n och anonym statistik via analytiska verktyg s\u00e5som Google Analytics och Google Signals (extern cookie-administrat\u00f6r: Google Inc., baserad i USA);<\/li>\n<li>samla in allm\u00e4n och anonym statistikdata via analysverktyget Matomo Analytics (extern cookie-administrat\u00f6r: Matomo Inc., baserad i USA);<\/li>\n<\/ul>\n<p>Anv\u00e4ndaren bekr\u00e4ftar att det \u00e4r m\u00f6jligt att konfigurera webbl\u00e4saren p\u00e5 ett s\u00e5dant s\u00e4tt att det f\u00f6rhindrar lagring av cookies p\u00e5 Anv\u00e4ndarens enhet.<\/p>\n<p>Anv\u00e4ndaren accepterar att cookies kan raderas av Anv\u00e4ndaren efter att de har sparats av Operat\u00f6ren, genom l\u00e4mpliga funktioner i webbl\u00e4saren, program som anv\u00e4nds f\u00f6r detta \u00e4ndam\u00e5l eller genom att anv\u00e4nda l\u00e4mpliga verktyg som finns tillg\u00e4ngliga i det operativsystem som anv\u00e4ndaren Anv\u00e4nder.<\/p>\n<p>Anv\u00e4ndaren \u00e4r medveten om att \u00e4ndring av konfigurationen av webbl\u00e4saren som f\u00f6rhindrar eller begr\u00e4nsar lagringen av cookies p\u00e5 Anv\u00e4ndarens enhet kan leda till begr\u00e4nsningar i tj\u00e4nsternas Funktionalitet. Att radera cookies under tillhandah\u00e5llandet av Tj\u00e4nsten kan leda till liknande effekter. Detta kan resultera i of\u00f6rm\u00e5ga att logga in p\u00e5 Webbplatsen eller avbrott i sessionen efter inloggning.<\/p>\n<p>Anv\u00e4ndaren kan hantera Cookies p\u00e5 webbplatsen genom att klicka p\u00e5 knappen &#8221;Cookieinst\u00e4llningar&#8221; i webbplatsens sidfot.<\/p>\n<h3>III. Data som samlats in under ett bes\u00f6k p\u00e5 <a href=\"https:\/\/waterfolder.com\/sv\/\">www.waterfolder.com<\/a><\/h3>\n<p>Vi kr\u00e4ver ingen registrering f\u00f6r att f\u00e5 tillg\u00e5ng till webbplatsen, men om du vill ha tillg\u00e5ng till vissa produkter och tj\u00e4nster som erbjuds av administrat\u00f6ren via webbplatsen www.waterfolder.com, \u00e4r vi skyldiga att samla in de personuppgifter som kr\u00e4vs f\u00f6r att kunna tillhandah\u00e5lla dessa tj\u00e4nster. Underl\u00e5tenhet att f\u00f6rse oss med dessa uppgifter kan f\u00f6rhindra eller f\u00f6rsena tillhandah\u00e5llandet av tj\u00e4nsterna.<\/p>\n<h3>IV. Teknisk information<\/h3>\n<p>Webbplatsen kan samla in standardloggar och teknisk data f\u00f6r att m\u00e4ta och f\u00f6rb\u00e4ttra webbplatsens effektivitet, diagnostisera serverproblem, administrera webbplatsen, samt f\u00e5 information om var webbplatstrafiken kommer ifr\u00e5n och identifiera v\u00e5ra anv\u00e4ndare. Vi kan ocks\u00e5 samla in annan information via www.waterfolder.com, s\u00e5som webbplatsaktivitet och inst\u00e4llningar, \u00e4ven k\u00e4nd som demografisk eller profildata.<\/p>\n<h3>V. N\u00e4r personuppgifter samlas in av webbplatsen<\/h3>\n<p>Vi samlar in personuppgifter under f\u00f6ljande omst\u00e4ndigheter:<\/p>\n<ul>\n<li>n\u00e4r du registrerar dig f\u00f6r n\u00e5gon av v\u00e5ra webbplatser,<\/li>\n<li>n\u00e4r du best\u00e4mmer dig f\u00f6r att k\u00f6pa produkten\/tj\u00e4nsten vi erbjuder,<\/li>\n<li>n\u00e4r du registrerar dig p\u00e5 hemsidan,<\/li>\n<li>n\u00e4r du kontaktar oss och ber om mer information (t.ex. om v\u00e5ra tj\u00e4nster, presentera ett erbjudande och annat),<\/li>\n<li>n\u00e4r du prenumererar p\u00e5 v\u00e5rt nyhetsbrev.<\/li>\n<\/ul>\n<p>Vi samlar in den minsta m\u00e4ngd data som kr\u00e4vs f\u00f6r att behandla din f\u00f6rfr\u00e5gan eller tillhandah\u00e5lla tj\u00e4nsten. Vi kommer att ange n\u00e4r det \u00e4r frivilligt att l\u00e4mna information och n\u00e4r det \u00e4r obligatoriskt. Vi ber vanligtvis endast om ytterligare information f\u00f6r att kunna ge det mest l\u00e4mpliga svaret p\u00e5 din f\u00f6rfr\u00e5gan.<\/p>\n<h3>VI. Anv\u00e4ndning av personuppgifter<\/h3>\n<p>Administrat\u00f6ren anv\u00e4nder personuppgifter f\u00f6r att:<\/p>\n<ul>\n<li>f\u00f6r att identifiera och skapa din profil n\u00e4r du registrerar dig f\u00f6r v\u00e5ra tj\u00e4nster eller beg\u00e4r att f\u00e5 information fr\u00e5n oss,<\/li>\n<li>f\u00f6r att verifiera din identitet n\u00e4r du anv\u00e4nder v\u00e5ra tj\u00e4nster eller kontaktar oss,<\/li>\n<li>f\u00f6r att kommunicera med dig om de tj\u00e4nster vi tillhandah\u00e5ller och den information vi tillhandah\u00e5ller,<\/li>\n<li>uppfylla v\u00e5ra avtalsenliga f\u00f6rpliktelser,<\/li>\n<li>f\u00f6r att tillhandah\u00e5lla, f\u00f6rb\u00e4ttra och anpassa v\u00e5ra tj\u00e4nster genom att analysera information om hur du anv\u00e4nder v\u00e5r webbplats, f\u00f6r att f\u00f6rst\u00e5 hur du anv\u00e4nder v\u00e5r webbplats och g\u00f6ra den mer intuitiv,<\/li>\n<li>hantera dina fr\u00e5gor och f\u00f6rfr\u00e5gningar,<\/li>\n<li>f\u00f6r att uppfylla v\u00e5ra r\u00e4ttsliga skyldigheter och samarbeta med tillsynsmyndigheter och brottsbek\u00e4mpande myndigheter,<\/li>\n<li>f\u00f6r att kontakta dig i marknadsf\u00f6ringssyfte f\u00f6r att erbjuda v\u00e5ra tj\u00e4nster och produkter (s\u00e5vida du inte har valt bort marknadsf\u00f6ringskontakten eller det \u00e4r f\u00f6rbjudet enligt lag),<\/li>\n<li>f\u00f6r att kontakta dig i marknadsf\u00f6ringssyfte f\u00f6r att kunna erbjuda v\u00e5ra produkter\/tj\u00e4nster,<\/li>\n<li>f\u00f6r att anpassa de marknadsf\u00f6ringsmeddelanden som skickas till dig f\u00f6r att g\u00f6ra dem mer relevanta och intressanta genom att i detalj analysera de tj\u00e4nster och den information som tillhandah\u00e5lls och din transaktionshistorik, i syfte att f\u00f6resl\u00e5 annan information som kan vara av intresse f\u00f6r dig,<\/li>\n<li>ut\u00f6va v\u00e5ra r\u00e4ttigheter n\u00e4r det beh\u00f6vs, till exempel f\u00f6r att uppt\u00e4cka och hantera lag\u00f6vertr\u00e4delser.<\/li>\n<\/ul>\n<h3>VII. \u00d6verf\u00f6ring av data till tredje part<\/h3>\n<p>Vi kan komma att kontakta andra f\u00f6retag eller personer i samband med hanteringen av din f\u00f6rfr\u00e5gan eller andra aspekter av v\u00e5r webbplatsdrift eller verksamhet, till exempel f\u00f6r att genomf\u00f6ra marknadsf\u00f6ringskampanjer, hantera v\u00e5ra databaser, e-post- och meddelandetj\u00e4nster eller dataanalys. Vi kan ge dessa f\u00f6retag tillg\u00e5ng till dina personuppgifter f\u00f6r att utf\u00f6ra dessa uppgifter p\u00e5 v\u00e5ra v\u00e4gnar.<\/p>\n<p>Ibland kan vi beh\u00f6va avsl\u00f6ja personuppgifter som svar p\u00e5 r\u00e4ttsliga f\u00f6rfr\u00e5gningar, s\u00e5som domstolsbeslut, st\u00e4mningar, statliga utredningar, eller som annars kr\u00e4vs eller till\u00e5ts enligt lag.<\/p>\n<p>Vi tillhandah\u00e5ller inte dina data till tredje part f\u00f6r deras egna marknadsf\u00f6rings\u00e4ndam\u00e5l och vi \u00e5tar oss inte att \u00f6verf\u00f6ra dina personuppgifter till tredje part f\u00f6r s\u00e5dana \u00e4ndam\u00e5l.<\/p>\n<p>Vid en f\u00f6rs\u00e4ljning, sammanslagning, konsolidering, f\u00f6r\u00e4ndring av kontroll, \u00f6verf\u00f6ring av tillg\u00e5ngar, rekonstruktion eller likvidation av v\u00e5rt f\u00f6retag (en rekonstruktionsh\u00e4ndelse), kan vi \u00f6verf\u00f6ra, s\u00e4lja eller tilldela dina personuppgifter till tredje parter som \u00e4r involverade i rekonstruktionsh\u00e4ndelsen.<\/p>\n<p>Personuppgifter kommer ocks\u00e5 att delas med Betrodda Partner:<\/p>\n<ul>\n<li>Ecol-Unicon Sp. z o.o.<\/li>\n<li>Wavin Polska S.A.<\/li>\n<li>Hauraton Polska Sp. z o.o.<\/li>\n<li>Amiblu Poland Sp. z o.o.<\/li>\n<li>Uponor Sp. z o.o.<\/li>\n<li>POliner Sp. z o.o.<\/li>\n<li>ESMIL GROUP \/ PRODEKO-E\u0141K<\/li>\n<li>Terlan Sp. z o.o.<\/li>\n<li>ACO Sp. z o.o.<\/li>\n<li>Sulzer Pumps Wastewater Poland Sp. z o.o.<\/li>\n<li>Orbia Building &amp; Infrastructure (Wavin)<\/li>\n<li>HAURATON Magyarorsz\u00e1g Kft.<\/li>\n<\/ul>\n<p>I enlighet med informationsklausulen som presenteras i b\u00f6rjan av denna Integritetspolicy<\/p>\n<h3>VIII. Datalagring<\/h3>\n<p>Vi kommer att lagra dina personuppgifter s\u00e5 l\u00e4nge v\u00e5rt samarbete p\u00e5g\u00e5r. Vid samarbetets slut kommer vi att beh\u00e5lla dina personuppgifter under en period som till\u00e5ter oss att: uppr\u00e4tth\u00e5lla v\u00e5ra aff\u00e4rsregister f\u00f6r analys- och revisions\u00e4ndam\u00e5l; uppfylla kraven f\u00f6r lagring av juridisk dokumentation; f\u00f6rsvara eller v\u00e4cka r\u00e4ttsliga anspr\u00e5k; hantera eventuella klagom\u00e5l.<\/p>\n<p>Vi kommer att radera dina personuppgifter n\u00e4r de inte l\u00e4ngre \u00e4r n\u00f6dv\u00e4ndiga f\u00f6r ovanst\u00e5ende \u00e4ndam\u00e5l. Om viss data inte kan tas bort helt fr\u00e5n v\u00e5ra system av tekniska sk\u00e4l, kommer vi att inf\u00f6ra l\u00e4mpliga skydds\u00e5tg\u00e4rder f\u00f6r att f\u00f6rhindra ytterligare behandling eller anv\u00e4ndning av uppgifterna.<\/p>\n<p>Du har r\u00e4tt att n\u00e4r som helst \u00e5terkalla ditt samtycke genom att kontakta oss elektroniskt. Skicka ett e-postmeddelande till f\u00f6ljande adress: <a href=\"mailto:iodo@retencja.pl\" target=\"_blank\" rel=\"noopener\">iodo@retencja.pl<\/a><em>\u00a0<\/em><\/p>\n<h3>IX. Datas\u00e4kerhet<\/h3>\n<p>Vi har implementerat allm\u00e4nt accepterade tekniska och driftsm\u00e4ssiga s\u00e4kerhetsstandarder f\u00f6r att skydda personuppgifter mot f\u00f6rlust, missbruk, obeh\u00f6rig \u00e4ndring eller f\u00f6rst\u00f6relse. Alla v\u00e5ra anst\u00e4llda och entrepren\u00f6rer \u00e4r skyldiga att h\u00e5lla personuppgifter konfidentiella och endast beh\u00f6riga personer har tillg\u00e5ng till s\u00e5dana uppgifter.<\/p>\n<h3>X. Uppdaterat sekretessmeddelande<\/h3>\n<p>Vi kan komma att \u00e4ndra eller uppdatera detta sekretessmeddelande fr\u00e5n tid till annan.<\/p>\n<h3>XI. Kontakta tillsynsmyndigheten<\/h3>\n<p>Om du har n\u00e5gra tvivel om hur vi behandlar dina personuppgifter kan du kontakta den l\u00e4mpliga dataskyddsmyndigheten, det vill s\u00e4ga ordf\u00f6randen f\u00f6r Personuppgiftsskyddskontoret.<\/p>\n<h3>XII. Procedur f\u00f6r att l\u00e4mna in och \u00f6verv\u00e4ga integritetsklagom\u00e5l<\/h3>\n<p>Vi kommer att \u00f6verv\u00e4ga alla integritetsklagom\u00e5l fr\u00e5n dig fr\u00e5n fall till fall.<\/p>\n<p>Kontakt f\u00f6r att l\u00e4mna in ett klagom\u00e5l eller ans\u00f6kan \u00e4r m\u00f6jlig via e-postadressen: <a href=\"mailto:iodo@retencja.pl\">iodo@retencja.pl<\/a><em>\u00a0<\/em><\/p>\n<p>Vi kommer att svara p\u00e5 de aktuella klagom\u00e5len omedelbart, senast inom en m\u00e5nad efter att vi mottagit beg\u00e4ran.<\/p>\n","protected":false},"excerpt":{"rendered":"<p>I. Informationsklausul om behandling av personuppgifter Enligt artikel 13 i Europaparlamentets och r\u00e5dets f\u00f6rordning (EU) 2016\/679 av den 27 april 2016 om skydd av fysiska personer med avseende p\u00e5 behandlingen av personuppgifter och om det fria fl\u00f6det av s\u00e5dana uppgifter samt upph\u00e4vandet av direktiv 95\/46\/EG (allm\u00e4n dataskyddsf\u00f6rordning), nedan kallad GDPR, informerar administrat\u00f6ren att: 1. Personuppgiftsansvarig [&hellip;]<\/p>\n","protected":false},"author":1,"featured_media":0,"parent":0,"menu_order":0,"comment_status":"closed","ping_status":"closed","template":"page-templates\/page.php","meta":{"_acf_changed":false,"_seopress_robots_primary_cat":"","_seopress_titles_title":"","_seopress_titles_desc":"","_seopress_robots_index":"","footnotes":""},"class_list":["post-2782","page","type-page","status-publish","hentry"],"acf":[],"_links":{"self":[{"href":"https:\/\/waterfolder.com\/sv\/wp-json\/wp\/v2\/pages\/2782","targetHints":{"allow":["GET"]}}],"collection":[{"href":"https:\/\/waterfolder.com\/sv\/wp-json\/wp\/v2\/pages"}],"about":[{"href":"https:\/\/waterfolder.com\/sv\/wp-json\/wp\/v2\/types\/page"}],"author":[{"embeddable":true,"href":"https:\/\/waterfolder.com\/sv\/wp-json\/wp\/v2\/users\/1"}],"replies":[{"embeddable":true,"href":"https:\/\/waterfolder.com\/sv\/wp-json\/wp\/v2\/comments?post=2782"}],"version-history":[{"count":13,"href":"https:\/\/waterfolder.com\/sv\/wp-json\/wp\/v2\/pages\/2782\/revisions"}],"predecessor-version":[{"id":6341,"href":"https:\/\/waterfolder.com\/sv\/wp-json\/wp\/v2\/pages\/2782\/revisions\/6341"}],"wp:attachment":[{"href":"https:\/\/waterfolder.com\/sv\/wp-json\/wp\/v2\/media?parent=2782"}],"curies":[{"name":"wp","href":"https:\/\/api.w.org\/{rel}","templated":true}]}}