{"id":2777,"date":"2023-07-05T13:41:50","date_gmt":"2023-07-05T11:41:50","guid":{"rendered":"https:\/\/waterfolder.com\/partnerzy\/"},"modified":"2025-03-20T18:48:19","modified_gmt":"2025-03-20T17:48:19","slug":"parteneri","status":"publish","type":"page","link":"https:\/\/waterfolder.com\/ro\/parteneri\/","title":{"rendered":"Parteneri"},"content":{"rendered":"","protected":false},"excerpt":{"rendered":"","protected":false},"author":1,"featured_media":0,"parent":0,"menu_order":0,"comment_status":"closed","ping_status":"closed","template":"page-templates\/partners.php","meta":{"_acf_changed":false,"_seopress_robots_primary_cat":"","_seopress_titles_title":"WaterFolder Parteneri","_seopress_titles_desc":"Face\u021bi cuno\u0219tin\u021b\u0103 cu partenerii platformei WaterFolder - lideri \u00een industria de ap\u0103 \u0219i canalizare care sprijin\u0103 solu\u021bii inovatoare \u0219i dezvoltarea platformei!","_seopress_robots_index":"","footnotes":""},"class_list":["post-2777","page","type-page","status-publish","hentry"],"acf":[],"_links":{"self":[{"href":"https:\/\/waterfolder.com\/ro\/wp-json\/wp\/v2\/pages\/2777","targetHints":{"allow":["GET"]}}],"collection":[{"href":"https:\/\/waterfolder.com\/ro\/wp-json\/wp\/v2\/pages"}],"about":[{"href":"https:\/\/waterfolder.com\/ro\/wp-json\/wp\/v2\/types\/page"}],"author":[{"embeddable":true,"href":"https:\/\/waterfolder.com\/ro\/wp-json\/wp\/v2\/users\/1"}],"replies":[{"embeddable":true,"href":"https:\/\/waterfolder.com\/ro\/wp-json\/wp\/v2\/comments?post=2777"}],"version-history":[{"count":3,"href":"https:\/\/waterfolder.com\/ro\/wp-json\/wp\/v2\/pages\/2777\/revisions"}],"predecessor-version":[{"id":4519,"href":"https:\/\/waterfolder.com\/ro\/wp-json\/wp\/v2\/pages\/2777\/revisions\/4519"}],"wp:attachment":[{"href":"https:\/\/waterfolder.com\/ro\/wp-json\/wp\/v2\/media?parent=2777"}],"curies":[{"name":"wp","href":"https:\/\/api.w.org\/{rel}","templated":true}]}}